{"id":274699,"date":"2024-02-19T11:40:18","date_gmt":"2024-02-19T10:40:18","guid":{"rendered":"https:\/\/www.exem.fr\/emf-supervision-folleto\/"},"modified":"2024-04-03T14:07:24","modified_gmt":"2024-04-03T12:07:24","slug":"emf-supervision-folleto","status":"publish","type":"page","link":"https:\/\/www.exem.fr\/es\/emf-supervision-folleto\/","title":{"rendered":"Folleto EMF Supervision"},"content":{"rendered":"\t\t<div data-elementor-type=\"wp-page\" data-elementor-id=\"274699\" class=\"elementor elementor-274699 elementor-205991\" data-elementor-post-type=\"page\">\n\t\t\t\t\t\t\t<div class=\"elementor-element elementor-element-7180fef6 e-flex e-con-boxed e-con e-parent\" data-id=\"7180fef6\" data-element_type=\"container\" data-settings=\"{&quot;content_width&quot;:&quot;boxed&quot;}\" data-core-v316-plus=\"true\">\n\t\t\t\t\t<div class=\"e-con-inner\">\n\t\t\t\t<div class=\"elementor-element elementor-element-31b32f3f elementor-widget elementor-widget-spacer\" data-id=\"31b32f3f\" data-element_type=\"widget\" data-widget_type=\"spacer.default\">\n\t\t\t\t<div class=\"elementor-widget-container\">\n\t\t\t\t\t<div class=\"elementor-spacer\">\n\t\t\t<div class=\"elementor-spacer-inner\"><\/div>\n\t\t<\/div>\n\t\t\t\t<\/div>\n\t\t\t\t<\/div>\n\t\t\t\t\t<\/div>\n\t\t\t\t<\/div>\n\t\t\t\t<section class=\"elementor-section elementor-top-section elementor-element elementor-element-527d6a79 elementor-section-boxed elementor-section-height-default elementor-section-height-default\" data-id=\"527d6a79\" data-element_type=\"section\">\n\t\t\t\t\t\t<div class=\"elementor-container elementor-column-gap-default\">\n\t\t\t\t\t<div data-dce-background-image-url=\"https:\/\/www.exem.fr\/wp-content\/uploads\/2024\/02\/brochure-emf-supervision-exem-2.png\" class=\"elementor-column elementor-col-50 elementor-top-column elementor-element elementor-element-5b83c11a\" data-id=\"5b83c11a\" data-element_type=\"column\" data-settings=\"{&quot;background_background&quot;:&quot;classic&quot;}\">\n\t\t\t<div class=\"elementor-widget-wrap elementor-element-populated\">\n\t\t\t\t\t\t\t\t<div class=\"elementor-element elementor-element-5bbad0da elementor-widget elementor-widget-heading\" data-id=\"5bbad0da\" data-element_type=\"widget\" data-widget_type=\"heading.default\">\n\t\t\t\t<div class=\"elementor-widget-container\">\n\t\t\t<h4 class=\"elementor-heading-title elementor-size-default\">EMF SUPERVISION<\/h4>\t\t<\/div>\n\t\t\t\t<\/div>\n\t\t\t\t<div class=\"elementor-element elementor-element-5c92f95f elementor-widget elementor-widget-heading\" data-id=\"5c92f95f\" data-element_type=\"widget\" data-widget_type=\"heading.default\">\n\t\t\t\t<div class=\"elementor-widget-container\">\n\t\t\t<h2 class=\"elementor-heading-title elementor-size-default\">Supervisi\u00f3n de la exposici\u00f3n a las ondas\nen su comunidad<\/h2>\t\t<\/div>\n\t\t\t\t<\/div>\n\t\t\t\t<div class=\"elementor-element elementor-element-3f6121bf elementor-widget elementor-widget-spacer\" data-id=\"3f6121bf\" data-element_type=\"widget\" data-widget_type=\"spacer.default\">\n\t\t\t\t<div class=\"elementor-widget-container\">\n\t\t\t\t\t<div class=\"elementor-spacer\">\n\t\t\t<div class=\"elementor-spacer-inner\"><\/div>\n\t\t<\/div>\n\t\t\t\t<\/div>\n\t\t\t\t<\/div>\n\t\t\t\t<div class=\"elementor-element elementor-element-6df9cd6f elementor-widget elementor-widget-text-editor\" data-id=\"6df9cd6f\" data-element_type=\"widget\" data-widget_type=\"text-editor.default\">\n\t\t\t\t<div class=\"elementor-widget-container\">\n\t\t\t\t\t\t\t<p>La transformaci\u00f3n digital que estamos viviendo cuestiona sobre el impacto medioambiental de las ondas electromagn\u00e9ticas. En este sentido, la desarrollo digital de un territorio debe basarse en una pol\u00edtica de salud medioambiental adaptada para permitir el despliegue de infraestructuras en buenas condiciones. <\/p>\n<p>EMF Supervision, un servicio de Exem, se desarrolla bajo este enfoque, ofreciendo una forma innovadora para la supervisi\u00f3n continua de la exposici\u00f3n a las ondas de radio en su zona, al mismo tiempo que permite una comunicaci\u00f3n transparente con sus conciudadanos.<\/p>\n\t\t\t\t\t\t<\/div>\n\t\t\t\t<\/div>\n\t\t\t\t<div class=\"elementor-element elementor-element-7d567cf6 elementor-widget elementor-widget-spacer\" data-id=\"7d567cf6\" data-element_type=\"widget\" data-widget_type=\"spacer.default\">\n\t\t\t\t<div class=\"elementor-widget-container\">\n\t\t\t\t\t<div class=\"elementor-spacer\">\n\t\t\t<div class=\"elementor-spacer-inner\"><\/div>\n\t\t<\/div>\n\t\t\t\t<\/div>\n\t\t\t\t<\/div>\n\t\t\t\t\t<\/div>\n\t\t<\/div>\n\t\t\t\t<div class=\"elementor-column elementor-col-50 elementor-top-column elementor-element elementor-element-25a88c6f\" data-id=\"25a88c6f\" data-element_type=\"column\" data-settings=\"{&quot;background_background&quot;:&quot;classic&quot;}\">\n\t\t\t<div class=\"elementor-widget-wrap elementor-element-populated\">\n\t\t\t\t\t\t\t\t<div class=\"elementor-element elementor-element-3fdcbdeb elementor-widget elementor-widget-heading\" data-id=\"3fdcbdeb\" data-element_type=\"widget\" data-widget_type=\"heading.default\">\n\t\t\t\t<div class=\"elementor-widget-container\">\n\t\t\t<h4 class=\"elementor-heading-title elementor-size-default\">RECURSOS<\/h4>\t\t<\/div>\n\t\t\t\t<\/div>\n\t\t\t\t<div class=\"elementor-element elementor-element-49ac0e9 elementor-widget elementor-widget-heading\" data-id=\"49ac0e9\" data-element_type=\"widget\" data-widget_type=\"heading.default\">\n\t\t\t\t<div class=\"elementor-widget-container\">\n\t\t\t<h2 class=\"elementor-heading-title elementor-size-default\">Descargue nuestro folleto\n\n<\/h2>\t\t<\/div>\n\t\t\t\t<\/div>\n\t\t\t\t<div class=\"elementor-element elementor-element-317d51db uael-gf-ajax-yes uael-gf-style-box uael-gf-input-size-sm uael-gf-enable-classes-no uael-gf-button-left uael-gf-btn-size-sm elementor-widget elementor-widget-uael-gf-styler\" data-id=\"317d51db\" data-element_type=\"widget\" data-widget_type=\"uael-gf-styler.default\">\n\t\t\t\t<div class=\"elementor-widget-container\">\n\t\t\t<div class=\"uael-gf-style uael-gf-check-style elementor-clickable\">\n\t<script type=\"text\/javascript\">var gform;gform||(document.addEventListener(\"gform_main_scripts_loaded\",function(){gform.scriptsLoaded=!0}),window.addEventListener(\"DOMContentLoaded\",function(){gform.domLoaded=!0}),gform={domLoaded:!1,scriptsLoaded:!1,initializeOnLoaded:function(o){gform.domLoaded&&gform.scriptsLoaded?o():!gform.domLoaded&&gform.scriptsLoaded?window.addEventListener(\"DOMContentLoaded\",o):document.addEventListener(\"gform_main_scripts_loaded\",o)},hooks:{action:{},filter:{}},addAction:function(o,n,r,t){gform.addHook(\"action\",o,n,r,t)},addFilter:function(o,n,r,t){gform.addHook(\"filter\",o,n,r,t)},doAction:function(o){gform.doHook(\"action\",o,arguments)},applyFilters:function(o){return gform.doHook(\"filter\",o,arguments)},removeAction:function(o,n){gform.removeHook(\"action\",o,n)},removeFilter:function(o,n,r){gform.removeHook(\"filter\",o,n,r)},addHook:function(o,n,r,t,i){null==gform.hooks[o][n]&&(gform.hooks[o][n]=[]);var e=gform.hooks[o][n];null==i&&(i=n+\"_\"+e.length),gform.hooks[o][n].push({tag:i,callable:r,priority:t=null==t?10:t})},doHook:function(n,o,r){var t;if(r=Array.prototype.slice.call(r,1),null!=gform.hooks[n][o]&&((o=gform.hooks[n][o]).sort(function(o,n){return o.priority-n.priority}),o.forEach(function(o){\"function\"!=typeof(t=o.callable)&&(t=window[t]),\"action\"==n?t.apply(null,r):r[0]=t.apply(null,r)})),\"filter\"==n)return r[0]},removeHook:function(o,n,t,i){var r;null!=gform.hooks[o][n]&&(r=(r=gform.hooks[o][n]).filter(function(o,n,r){return!!(null!=i&&i!=o.tag||null!=t&&t!=o.priority)}),gform.hooks[o][n]=r)}});<\/script>\n                <div class='gf_browser_gecko gform_wrapper gravity-theme gform-theme--no-framework form_LB_wrapper' data-form-theme='gravity-theme' data-form-index='0' id='gform_wrapper_5' style='display:none'><div id='gf_5' class='gform_anchor' tabindex='-1'><\/div>\n                        <div class='gform_heading'>\n\t\t\t\t\t\t\t<p class='gform_required_legend'>&quot;<span class=\"gfield_required gfield_required_asterisk\">*<\/span>&quot; se\u00f1ala los campos obligatorios<\/p>\n                        <\/div><form method='post' enctype='multipart\/form-data' target='gform_ajax_frame_5' id='gform_5' class='form_LB' action='\/es\/wp-json\/wp\/v2\/pages\/274699#gf_5' data-formid='5' novalidate>\n                        <div class='gform-body gform_body'><div id='gform_fields_5' class='gform_fields top_label form_sublabel_below description_below'><div id=\"field_5_18\"  class=\"gfield gfield--type-text gfield--width-full field_sublabel_below gfield--has-description field_description_below gfield_visibility_hidden\"  data-js-reload=\"field_5_18\"><div class='admin-hidden-markup'><i class='gform-icon gform-icon--hidden'><\/i><span>Hidden<\/span><\/div><label class='gfield_label gform-field-label' for='input_5_18' >Code pipedrive<\/label><div class='ginput_container ginput_container_text'><input name='input_18' id='input_5_18' type='text' value='' class='large'  aria-describedby=\"gfield_description_5_18\" tabindex='1'   aria-invalid=\"false\"   \/> <\/div><div class='gfield_description' id='gfield_description_5_18'>Modifiez ce code sur la page du t\u00e9l\u00e9chargement directement<\/div><\/div><div id=\"field_5_7\"  class=\"gfield gfield--type-select gfield--width-quarter field_sublabel_below gfield--no-description field_description_below hidden_label gfield_visibility_visible\"  data-js-reload=\"field_5_7\"><label class='gfield_label gform-field-label' for='input_5_7' >Civismo<\/label><div class='ginput_container ginput_container_select'><select name='input_7' id='input_5_7' class='large gfield_select' tabindex='2'    aria-invalid=\"false\" ><option value='' selected='selected' class='gf_placeholder'>Civismo<\/option><option value='Monsieur' >Se\u00f1or<\/option><option value='Madame' >Se\u00f1ora<\/option><option value='Autre' >Otro<\/option><\/select><\/div><\/div><fieldset id=\"field_5_1\"  class=\"gfield gfield--type-name gfield--width-three-quarter gfield_contains_required field_sublabel_hidden_label gfield--no-description field_description_below hidden_label gfield_visibility_visible\"  data-js-reload=\"field_5_1\"><legend class='gfield_label gform-field-label gfield_label_before_complex'  >Nombre y Apellido<span class=\"gfield_required\"><span class=\"gfield_required gfield_required_asterisk\">*<\/span><\/span><\/legend><div class='ginput_complex ginput_container ginput_container--name no_prefix has_first_name no_middle_name has_last_name no_suffix gf_name_has_2 ginput_container_name gform-grid-row' id='input_5_1'>\n                            \n                            <span id='input_5_1_3_container' class='name_first gform-grid-col gform-grid-col--size-auto' >\n                                                    <input type='text' name='input_1.3' id='input_5_1_3' value='' tabindex='4'  aria-required='true'   placeholder='Nombre *'  \/>\n                                                    <label for='input_5_1_3' class='gform-field-label gform-field-label--type-sub hidden_sub_label screen-reader-text'>Nombre<\/label>\n                                                <\/span>\n                            \n                            <span id='input_5_1_6_container' class='name_last gform-grid-col gform-grid-col--size-auto' >\n                                                    <input type='text' name='input_1.6' id='input_5_1_6' value='' tabindex='6'  aria-required='true'   placeholder='Apellido *'  \/>\n                                                    <label for='input_5_1_6' class='gform-field-label gform-field-label--type-sub hidden_sub_label screen-reader-text'>Apellidos<\/label>\n                                                <\/span>\n                            \n                        <\/div><\/fieldset><div id=\"field_5_4\"  class=\"gfield gfield--type-email gfield--width-half gfield_contains_required field_sublabel_below gfield--no-description field_description_below hidden_label gfield_visibility_visible\"  data-js-reload=\"field_5_4\"><label class='gfield_label gform-field-label' for='input_5_4' >Correo electr\u00f3nico *<span class=\"gfield_required\"><span class=\"gfield_required gfield_required_asterisk\">*<\/span><\/span><\/label><div class='ginput_container ginput_container_email'>\n                            <input name='input_4' id='input_5_4' type='email' value='' class='large' tabindex='8'  placeholder='Correo electr\u00f3nico *' aria-required=\"true\" aria-invalid=\"false\"  \/>\n                        <\/div><\/div><div id=\"field_5_3\"  class=\"gfield gfield--type-phone gfield--width-half gfield_contains_required field_sublabel_below gfield--no-description field_description_below hidden_label gfield_visibility_visible\"  data-js-reload=\"field_5_3\"><label class='gfield_label gform-field-label' for='input_5_3' >Tel\u00e9fono<span class=\"gfield_required\"><span class=\"gfield_required gfield_required_asterisk\">*<\/span><\/span><\/label><div class='ginput_container ginput_container_phone'><input name='input_3' id='input_5_3' type='tel' value='' class='large' tabindex='9' placeholder='Tel\u00e9fono *' aria-required=\"true\" aria-invalid=\"false\"   \/><\/div><\/div><div id=\"field_5_6\"  class=\"gfield gfield--type-select gfield--width-full gfield_contains_required field_sublabel_below gfield--no-description field_description_below gfield_visibility_visible\"  data-js-reload=\"field_5_6\"><label class='gfield_label gform-field-label' for='input_5_6' >Su perfil<span class=\"gfield_required\"><span class=\"gfield_required gfield_required_asterisk\">*<\/span><\/span><\/label><div class='ginput_container ginput_container_select'><select name='input_6' id='input_5_6' class='large gfield_select' tabindex='10'   aria-required=\"true\" aria-invalid=\"false\" ><option value='' selected='selected' class='gf_placeholder'>Elija su perfil en el men\u00fa desplegable<\/option><option value='Entreprises' >Trabajo en una empresa<\/option><option value='Collectivit\u00e9s' >Trabajo para una autoridad local<\/option><option value='Particuliers' >Soy un particular<\/option><\/select><\/div><\/div><div id=\"field_5_8\"  class=\"gfield gfield--type-text gfield--width-full gfield_contains_required field_sublabel_below gfield--no-description field_description_below hidden_label gfield_visibility_visible\"  data-js-reload=\"field_5_8\"><label class='gfield_label gform-field-label' for='input_5_8' >Su funci\u00f3n<span class=\"gfield_required\"><span class=\"gfield_required gfield_required_asterisk\">*<\/span><\/span><\/label><div class='ginput_container ginput_container_text'><input name='input_8' id='input_5_8' type='text' value='' class='large'   tabindex='11' placeholder='Su funci\u00f3n *' aria-required=\"true\" aria-invalid=\"false\"   \/> <\/div><\/div><div id=\"field_5_9\"  class=\"gfield gfield--type-text gfield--width-full gfield_contains_required field_sublabel_below gfield--no-description field_description_below hidden_label gfield_visibility_visible\"  data-js-reload=\"field_5_9\"><label class='gfield_label gform-field-label' for='input_5_9' >Nombre de la empresa<span class=\"gfield_required\"><span class=\"gfield_required gfield_required_asterisk\">*<\/span><\/span><\/label><div class='ginput_container ginput_container_text'><input name='input_9' id='input_5_9' type='text' value='' class='large'   tabindex='12' placeholder='Nombre de la empresa *' aria-required=\"true\" aria-invalid=\"false\"   \/> <\/div><\/div><div id=\"field_5_12\"  class=\"gfield gfield--type-text gfield--width-full gfield_contains_required field_sublabel_below gfield--no-description field_description_below hidden_label gfield_visibility_visible\"  data-js-reload=\"field_5_12\"><label class='gfield_label gform-field-label' for='input_5_12' >Ciudad<span class=\"gfield_required\"><span class=\"gfield_required gfield_required_asterisk\">*<\/span><\/span><\/label><div class='ginput_container ginput_container_text'><input name='input_12' id='input_5_12' type='text' value='' class='large'   tabindex='13' placeholder='Ciudad *' aria-required=\"true\" aria-invalid=\"false\"   \/> <\/div><\/div><div id=\"field_5_19\"  class=\"gfield gfield--type-section gsection field_sublabel_below gfield--no-description field_description_below gfield_visibility_visible\"  data-js-reload=\"field_5_19\"><h3 class=\"gsection_title\"><\/h3><\/div><fieldset id=\"field_5_10\"  class=\"gfield gfield--type-checkbox gfield--type-choice gfield--width-full field_sublabel_below gfield--no-description field_description_below hidden_label gfield_visibility_visible\"  data-js-reload=\"field_5_10\"><legend class='gfield_label gform-field-label gfield_label_before_complex'  >Newsletter<\/legend><div class='ginput_container ginput_container_checkbox'><div class='gfield_checkbox' id='input_5_10'><div class='gchoice gchoice_5_10_1'>\n\t\t\t\t\t\t\t\t<input class='gfield-choice-input' name='input_10.1' type='checkbox'  value='subscribed'  id='choice_5_10_1' tabindex='14'  \/>\n\t\t\t\t\t\t\t\t<label for='choice_5_10_1' id='label_5_10_1' class='gform-field-label gform-field-label--type-inline'>Suscr\u00edbase a nuestro newsletter<\/label>\n\t\t\t\t\t\t\t<\/div><\/div><\/div><\/fieldset><div id=\"field_5_22\"  class=\"gfield gfield--type-select gfield--width-full gfield_contains_required field_sublabel_below gfield--no-description field_description_below gfield_visibility_visible\"  data-js-reload=\"field_5_22\"><label class='gfield_label gform-field-label' for='input_5_22' >Quiere recibir informaci\u00f3n sobre las ondas<span class=\"gfield_required\"><span class=\"gfield_required gfield_required_asterisk\">*<\/span><\/span><\/label><div class='ginput_container ginput_container_select'><select name='input_22' id='input_5_22' class='large gfield_select' tabindex='15'   aria-required=\"true\" aria-invalid=\"false\" ><option value='' selected='selected' class='gf_placeholder'>Haga su elecci\u00f3n<\/option><option value='Newsletter Travailleurs' >dans le tertiaire et dans l&#039;industrie<\/option><option value='Newsletter Collectivit\u00e9s' >Dans les collectivit\u00e9s<\/option><\/select><\/div><\/div><fieldset id=\"field_5_16\"  class=\"gfield gfield--type-consent gfield--type-choice gfield--input-type-consent gfield--width-full gfield_contains_required field_sublabel_below gfield--no-description field_description_below hidden_label gfield_visibility_visible\"  data-js-reload=\"field_5_16\"><legend class='gfield_label gform-field-label gfield_label_before_complex'  >RGPD<span class=\"gfield_required\"><span class=\"gfield_required gfield_required_asterisk\">*<\/span><\/span><\/legend><div class='ginput_container ginput_container_consent'><input name='input_16.1' id='input_5_16_1' type='checkbox' value='1' tabindex='16'  aria-required=\"true\" aria-invalid=\"false\"   \/> <label class=\"gform-field-label gform-field-label--type-inline gfield_consent_label\" for='input_5_16_1' >Acepto la <a href=\"https:\/\/www.exem.fr\/declaration-de-confidentialite-ue\/\" target=\"_blank\">pol\u00edtica de privacidad<\/a><span class=\"gfield_required gfield_required_asterisk\">*<\/span><\/label><input type='hidden' name='input_16.2' value='Acepto la &lt;a href=&quot;https:\/\/www.exem.fr\/declaration-de-confidentialite-ue\/&quot; target=&quot;_blank&quot;&gt;pol\u00edtica de privacidad&lt;\/a&gt;' class='gform_hidden' \/><input type='hidden' name='input_16.3' value='11' class='gform_hidden' \/><\/div><\/fieldset><div id=\"field_5_26\"  class=\"gfield gfield--type-honeypot gform_validation_container field_sublabel_below gfield--has-description field_description_below gfield_visibility_visible\"  data-js-reload=\"field_5_26\"><label class='gfield_label gform-field-label' for='input_5_26' >Phone<\/label><div class='ginput_container'><input name='input_26' id='input_5_26' type='text' value='' autocomplete='new-password'\/><\/div><div class='gfield_description' id='gfield_description_5_26'>Este campo es un campo de validaci\u00f3n y debe quedar sin cambios.<\/div><\/div><\/div><\/div>\n        <div class='gform_footer top_label'> <input type='submit' id='gform_submit_button_5' class='gform_button button' value='Enviar' tabindex='17' onclick='if(window[\"gf_submitting_5\"]){return false;}  if( !jQuery(\"#gform_5\")[0].checkValidity || jQuery(\"#gform_5\")[0].checkValidity()){window[\"gf_submitting_5\"]=true;}  ' onkeypress='if( event.keyCode == 13 ){ if(window[\"gf_submitting_5\"]){return false;} if( !jQuery(\"#gform_5\")[0].checkValidity || jQuery(\"#gform_5\")[0].checkValidity()){window[\"gf_submitting_5\"]=true;}  jQuery(\"#gform_5\").trigger(\"submit\",[true]); }' \/> <input type='hidden' name='gform_ajax' value='form_id=5&amp;title=&amp;description=&amp;tabindex=1&amp;theme=data-form-theme=&#039;gravity-theme&#039;' \/>\n            <input type='hidden' class='gform_hidden' name='is_submit_5' value='1' \/>\n            <input type='hidden' class='gform_hidden' name='gform_submit' value='5' \/>\n            \n            <input type='hidden' class='gform_hidden' name='gform_unique_id' value='' \/>\n            <input type='hidden' class='gform_hidden' name='state_5' value='WyJ7XCIxNi4xXCI6XCI0NWNmZjI4ODgxODUyNGIxOTdkY2EyNDU4N2EzMGU0NVwiLFwiMTYuMlwiOlwiYTNhY2JiMDk4NDQ0ODU2OTIxN2E4ZGMxMTMwOWMxMDdcIixcIjE2LjNcIjpcImNlNzFiYWI4YmMxMDNiMDQwMTYwZDFhOTk1YWVkMTQ4XCJ9IiwiNTQ4ZjQ5OTgwMTM5MTkyMWUxMGNkY2EzNjU2MDE2NWQiXQ==' \/>\n            <input type='hidden' class='gform_hidden' name='gform_target_page_number_5' id='gform_target_page_number_5' value='0' \/>\n            <input type='hidden' class='gform_hidden' name='gform_source_page_number_5' id='gform_source_page_number_5' value='1' \/>\n            <input type='hidden' name='gform_field_values' value='' \/>\n            \n        <\/div>\n                        <\/form>\n                        <\/div>\n\t\t                <iframe style='display:none;width:0px;height:0px;' src='about:blank' name='gform_ajax_frame_5' id='gform_ajax_frame_5' title='Este iframe contiene la l\u00f3gica necesaria para gestionar formularios con ajax activado.'><\/iframe>\n\t\t                <script>\ngform.initializeOnLoaded( function() {gformInitSpinner( 5, 'https:\/\/www.exem.fr\/wp-content\/plugins\/gravityforms\/images\/spinner.svg', true );jQuery('#gform_ajax_frame_5').on('load',function(){var contents = jQuery(this).contents().find('*').html();var is_postback = contents.indexOf('GF_AJAX_POSTBACK') >= 0;if(!is_postback){return;}var form_content = jQuery(this).contents().find('#gform_wrapper_5');var is_confirmation = jQuery(this).contents().find('#gform_confirmation_wrapper_5').length > 0;var is_redirect = contents.indexOf('gformRedirect(){') >= 0;var is_form = form_content.length > 0 && ! is_redirect && ! is_confirmation;var mt = parseInt(jQuery('html').css('margin-top'), 10) + parseInt(jQuery('body').css('margin-top'), 10) + 100;if(is_form){jQuery('#gform_wrapper_5').html(form_content.html());if(form_content.hasClass('gform_validation_error')){jQuery('#gform_wrapper_5').addClass('gform_validation_error');} else {jQuery('#gform_wrapper_5').removeClass('gform_validation_error');}setTimeout( function() { \/* delay the scroll by 50 milliseconds to fix a bug in chrome *\/ jQuery(document).scrollTop(jQuery('#gform_wrapper_5').offset().top - mt); }, 50 );if(window['gformInitDatepicker']) {gformInitDatepicker();}if(window['gformInitPriceFields']) {gformInitPriceFields();}var current_page = jQuery('#gform_source_page_number_5').val();gformInitSpinner( 5, 'https:\/\/www.exem.fr\/wp-content\/plugins\/gravityforms\/images\/spinner.svg', true );jQuery(document).trigger('gform_page_loaded', [5, current_page]);window['gf_submitting_5'] = false;}else if(!is_redirect){var confirmation_content = jQuery(this).contents().find('.GF_AJAX_POSTBACK').html();if(!confirmation_content){confirmation_content = contents;}setTimeout(function(){jQuery('#gform_wrapper_5').replaceWith(confirmation_content);jQuery(document).scrollTop(jQuery('#gf_5').offset().top - mt);jQuery(document).trigger('gform_confirmation_loaded', [5]);window['gf_submitting_5'] = false;wp.a11y.speak(jQuery('#gform_confirmation_message_5').text());}, 50);}else{jQuery('#gform_5').append(contents);if(window['gformRedirect']) {gformRedirect();}}jQuery(document).trigger('gform_post_render', [5, current_page]);gform.utils.trigger({ event: 'gform\/postRender', native: false, data: { formId: 5, currentPage: current_page } });} );} );\n<\/script>\n\n<\/div>\n\t\t<\/div>\n\t\t\t\t<\/div>\n\t\t\t\t<div class=\"elementor-element elementor-element-56d791d9 elementor-widget elementor-widget-spacer\" data-id=\"56d791d9\" data-element_type=\"widget\" data-widget_type=\"spacer.default\">\n\t\t\t\t<div class=\"elementor-widget-container\">\n\t\t\t\t\t<div class=\"elementor-spacer\">\n\t\t\t<div class=\"elementor-spacer-inner\"><\/div>\n\t\t<\/div>\n\t\t\t\t<\/div>\n\t\t\t\t<\/div>\n\t\t\t\t\t<\/div>\n\t\t<\/div>\n\t\t\t\t\t\t\t<\/div>\n\t\t<\/section>\n\t\t<div class=\"elementor-element elementor-element-d370ba e-flex e-con-boxed e-con e-parent\" data-id=\"d370ba\" data-element_type=\"container\" data-settings=\"{&quot;content_width&quot;:&quot;boxed&quot;}\" data-core-v316-plus=\"true\">\n\t\t\t\t\t<div class=\"e-con-inner\">\n\t\t\t\t<div class=\"elementor-element elementor-element-7f95b4bd elementor-widget elementor-widget-spacer\" data-id=\"7f95b4bd\" data-element_type=\"widget\" data-widget_type=\"spacer.default\">\n\t\t\t\t<div class=\"elementor-widget-container\">\n\t\t\t\t\t<div class=\"elementor-spacer\">\n\t\t\t<div class=\"elementor-spacer-inner\"><\/div>\n\t\t<\/div>\n\t\t\t\t<\/div>\n\t\t\t\t<\/div>\n\t\t\t\t\t<\/div>\n\t\t\t\t<\/div>\n\t\t\t\t\t\t\t<\/div>\n\t\t","protected":false},"excerpt":{"rendered":"<p>EMF SUPERVISION Supervisi\u00f3n de la exposici\u00f3n a las ondas en su comunidad La transformaci\u00f3n digital que estamos viviendo cuestiona sobre el impacto medioambiental de las ondas electromagn\u00e9ticas. En este sentido, la desarrollo digital de un territorio debe basarse en una pol\u00edtica de salud medioambiental adaptada para permitir el despliegue de infraestructuras en buenas condiciones. EMF [&hellip;]<\/p>\n","protected":false},"author":7,"featured_media":0,"parent":0,"menu_order":0,"comment_status":"closed","ping_status":"closed","template":"","meta":{"_seopress_robots_primary_cat":"","footnotes":""},"acf":[],"_links":{"self":[{"href":"https:\/\/www.exem.fr\/es\/wp-json\/wp\/v2\/pages\/274699"}],"collection":[{"href":"https:\/\/www.exem.fr\/es\/wp-json\/wp\/v2\/pages"}],"about":[{"href":"https:\/\/www.exem.fr\/es\/wp-json\/wp\/v2\/types\/page"}],"author":[{"embeddable":true,"href":"https:\/\/www.exem.fr\/es\/wp-json\/wp\/v2\/users\/7"}],"replies":[{"embeddable":true,"href":"https:\/\/www.exem.fr\/es\/wp-json\/wp\/v2\/comments?post=274699"}],"version-history":[{"count":4,"href":"https:\/\/www.exem.fr\/es\/wp-json\/wp\/v2\/pages\/274699\/revisions"}],"predecessor-version":[{"id":274732,"href":"https:\/\/www.exem.fr\/es\/wp-json\/wp\/v2\/pages\/274699\/revisions\/274732"}],"wp:attachment":[{"href":"https:\/\/www.exem.fr\/es\/wp-json\/wp\/v2\/media?parent=274699"}],"curies":[{"name":"wp","href":"https:\/\/api.w.org\/{rel}","templated":true}]}}